{"id":604,"date":"2018-07-26T18:18:41","date_gmt":"2018-07-26T16:18:41","guid":{"rendered":"http:\/\/dev.laurence-otteny.com\/?page_id=604"},"modified":"2021-06-11T13:28:12","modified_gmt":"2021-06-11T11:28:12","slug":"mobiles-crochetes","status":"publish","type":"page","link":"https:\/\/laurence-otteny.com\/index.php\/mobiles-crochetes\/","title":{"rendered":"Mobiles crochet\u00e9s, Ecoprint et teintures v\u00e9g\u00e9tales"},"content":{"rendered":"<p><img loading=\"lazy\" decoding=\"async\" class=\"alignleft size-full wp-image-631\" src=\"http:\/\/dev.laurence-otteny.com\/wp-content\/uploads\/2018\/07\/ecoprint-site.jpg\" alt=\"\" width=\"1600\" height=\"1280\" srcset=\"https:\/\/laurence-otteny.com\/wp-content\/uploads\/2018\/07\/ecoprint-site.jpg 1600w, https:\/\/laurence-otteny.com\/wp-content\/uploads\/2018\/07\/ecoprint-site-300x240.jpg 300w, https:\/\/laurence-otteny.com\/wp-content\/uploads\/2018\/07\/ecoprint-site-768x614.jpg 768w, https:\/\/laurence-otteny.com\/wp-content\/uploads\/2018\/07\/ecoprint-site-1024x819.jpg 1024w\" sizes=\"(max-width: 1600px) 100vw, 1600px\" \/><\/p>\n<p>&nbsp;<\/p>\n<h3><img loading=\"lazy\" decoding=\"async\" class=\"alignleft size-full wp-image-630\" src=\"http:\/\/dev.laurence-otteny.com\/wp-content\/uploads\/2018\/07\/132331359_152726866275531_4340215226266497147_n.jpg\" alt=\"\" width=\"156\" height=\"280\" \/>Teindre du papier et des costumes naturellement.<\/h3>\n<p><img loading=\"lazy\" decoding=\"async\" class=\"alignleft size-full wp-image-625\" src=\"http:\/\/dev.laurence-otteny.com\/wp-content\/uploads\/2018\/07\/Screenshot-2021-06-11-at-12-46-46-L\u00f4-sur-Instagram-biodiversit\u00e9-botanicart-botanicartist-botanic-botanicprint-botaniq....png\" alt=\"\" width=\"499\" height=\"601\" srcset=\"https:\/\/laurence-otteny.com\/wp-content\/uploads\/2018\/07\/Screenshot-2021-06-11-at-12-46-46-L\u00f4-sur-Instagram-biodiversit\u00e9-botanicart-botanicartist-botanic-botanicprint-botaniq....png 499w, https:\/\/laurence-otteny.com\/wp-content\/uploads\/2018\/07\/Screenshot-2021-06-11-at-12-46-46-L\u00f4-sur-Instagram-biodiversit\u00e9-botanicart-botanicartist-botanic-botanicprint-botaniq...-249x300.png 249w\" sizes=\"(max-width: 499px) 100vw, 499px\" \/><\/p>\n<p><img loading=\"lazy\" decoding=\"async\" class=\"alignleft size-full wp-image-592\" src=\"http:\/\/dev.laurence-otteny.com\/wp-content\/uploads\/2018\/07\/shot_1474034856135.jpg\" alt=\"\" width=\"584\" height=\"676\" srcset=\"https:\/\/laurence-otteny.com\/wp-content\/uploads\/2018\/07\/shot_1474034856135.jpg 584w, https:\/\/laurence-otteny.com\/wp-content\/uploads\/2018\/07\/shot_1474034856135-259x300.jpg 259w\" sizes=\"(max-width: 584px) 100vw, 584px\" \/> <img loading=\"lazy\" decoding=\"async\" class=\"alignleft size-full wp-image-591\" src=\"http:\/\/dev.laurence-otteny.com\/wp-content\/uploads\/2018\/07\/shot_1474034810848.jpg\" alt=\"\" width=\"584\" height=\"676\" srcset=\"https:\/\/laurence-otteny.com\/wp-content\/uploads\/2018\/07\/shot_1474034810848.jpg 584w, https:\/\/laurence-otteny.com\/wp-content\/uploads\/2018\/07\/shot_1474034810848-259x300.jpg 259w\" sizes=\"(max-width: 584px) 100vw, 584px\" \/> <img loading=\"lazy\" decoding=\"async\" class=\"alignleft size-full wp-image-589\" src=\"http:\/\/dev.laurence-otteny.com\/wp-content\/uploads\/2018\/07\/shot_1474035815803.jpg\" alt=\"\" width=\"584\" height=\"676\" srcset=\"https:\/\/laurence-otteny.com\/wp-content\/uploads\/2018\/07\/shot_1474035815803.jpg 584w, https:\/\/laurence-otteny.com\/wp-content\/uploads\/2018\/07\/shot_1474035815803-259x300.jpg 259w\" sizes=\"(max-width: 584px) 100vw, 584px\" \/><\/p>\n","protected":false},"excerpt":{"rendered":"<p>&nbsp; Teindre du papier et des costumes naturellement.<\/p>\n","protected":false},"author":1,"featured_media":590,"parent":0,"menu_order":0,"comment_status":"closed","ping_status":"closed","template":"","meta":{"footnotes":""},"_links":{"self":[{"href":"https:\/\/laurence-otteny.com\/index.php\/wp-json\/wp\/v2\/pages\/604"}],"collection":[{"href":"https:\/\/laurence-otteny.com\/index.php\/wp-json\/wp\/v2\/pages"}],"about":[{"href":"https:\/\/laurence-otteny.com\/index.php\/wp-json\/wp\/v2\/types\/page"}],"author":[{"embeddable":true,"href":"https:\/\/laurence-otteny.com\/index.php\/wp-json\/wp\/v2\/users\/1"}],"replies":[{"embeddable":true,"href":"https:\/\/laurence-otteny.com\/index.php\/wp-json\/wp\/v2\/comments?post=604"}],"version-history":[{"count":4,"href":"https:\/\/laurence-otteny.com\/index.php\/wp-json\/wp\/v2\/pages\/604\/revisions"}],"predecessor-version":[{"id":633,"href":"https:\/\/laurence-otteny.com\/index.php\/wp-json\/wp\/v2\/pages\/604\/revisions\/633"}],"wp:featuredmedia":[{"embeddable":true,"href":"https:\/\/laurence-otteny.com\/index.php\/wp-json\/wp\/v2\/media\/590"}],"wp:attachment":[{"href":"https:\/\/laurence-otteny.com\/index.php\/wp-json\/wp\/v2\/media?parent=604"}],"curies":[{"name":"wp","href":"https:\/\/api.w.org\/{rel}","templated":true}]}}