{"id":601,"date":"2018-07-26T18:14:05","date_gmt":"2018-07-26T16:14:05","guid":{"rendered":"http:\/\/dev.laurence-otteny.com\/?page_id=601"},"modified":"2023-10-06T15:00:14","modified_gmt":"2023-10-06T13:00:14","slug":"au-cinema","status":"publish","type":"page","link":"https:\/\/laurence-otteny.com\/index.php\/au-cinema\/","title":{"rendered":"Au Cin\u00e9ma"},"content":{"rendered":"\n<h2 class=\"wp-block-heading\">Films R\u00e9cents&#8230;<br><\/h2>\n\n\n\n<figure class=\"wp-block-image is-resized\"><img loading=\"lazy\" decoding=\"async\" src=\"http:\/\/dev.laurence-otteny.com\/wp-content\/uploads\/2023\/10\/1686844531632.jpg\" alt=\"\" class=\"wp-image-643\" width=\"587\" height=\"778\" srcset=\"https:\/\/laurence-otteny.com\/wp-content\/uploads\/2023\/10\/1686844531632.jpg 384w, https:\/\/laurence-otteny.com\/wp-content\/uploads\/2023\/10\/1686844531632-226x300.jpg 226w\" sizes=\"(max-width: 587px) 100vw, 587px\" \/><figcaption>Une belle collaboration avec la r\u00e9alisatrice Marine Hebert<\/figcaption><\/figure>\n\n\n\n<figure class=\"wp-block-image\"><img loading=\"lazy\" decoding=\"async\" width=\"751\" height=\"1024\" src=\"http:\/\/dev.laurence-otteny.com\/wp-content\/uploads\/2023\/10\/Affiche-comme-une-louve-751x1024.jpg\" alt=\"\" class=\"wp-image-645\" srcset=\"https:\/\/laurence-otteny.com\/wp-content\/uploads\/2023\/10\/Affiche-comme-une-louve-751x1024.jpg 751w, https:\/\/laurence-otteny.com\/wp-content\/uploads\/2023\/10\/Affiche-comme-une-louve-220x300.jpg 220w, https:\/\/laurence-otteny.com\/wp-content\/uploads\/2023\/10\/Affiche-comme-une-louve-768x1047.jpg 768w, https:\/\/laurence-otteny.com\/wp-content\/uploads\/2023\/10\/Affiche-comme-une-louve.jpg 1064w\" sizes=\"(max-width: 751px) 100vw, 751px\" \/><figcaption>Dernier long m\u00e9trage sorti<\/figcaption><\/figure>\n\n\n<p>Un d\u00e9but dans la mode qui m&#8217;a conduit vers le cin\u00e9ma, le th\u00e9\u00e2tre , l &#8216;op\u00e9ra et le th\u00e9\u00e2tre de rues.<\/p>\n<p><img loading=\"lazy\" decoding=\"async\" class=\"alignleft size-full wp-image-548\" src=\"http:\/\/dev.laurence-otteny.com\/wp-content\/uploads\/2017\/11\/cinema.jpg\" alt=\"\" width=\"800\" height=\"566\" srcset=\"https:\/\/laurence-otteny.com\/wp-content\/uploads\/2017\/11\/cinema.jpg 800w, https:\/\/laurence-otteny.com\/wp-content\/uploads\/2017\/11\/cinema-300x212.jpg 300w, https:\/\/laurence-otteny.com\/wp-content\/uploads\/2017\/11\/cinema-768x543.jpg 768w\" sizes=\"(max-width: 800px) 100vw, 800px\" \/><\/p>\n<p>\u00a0<\/p>\n<p>\u00a0<\/p>\n<p>\u00a0<\/p>\n<p>\u00a0<\/p>\n<p>\u00a0<\/p>\n<p>\u00a0<\/p>\n<p>\u00a0<\/p>\n<p>\u00a0<\/p>\n<p>\u00a0<\/p>","protected":false},"excerpt":{"rendered":"<p>Films R\u00e9cents&#8230; Un d\u00e9but dans la mode qui m&#8217;a conduit vers le cin\u00e9ma, le th\u00e9\u00e2tre , l &#8216;op\u00e9ra et le th\u00e9\u00e2tre de rues. \u00a0 \u00a0 \u00a0 \u00a0 \u00a0 \u00a0 \u00a0 \u00a0 \u00a0<\/p>\n","protected":false},"author":1,"featured_media":465,"parent":0,"menu_order":0,"comment_status":"closed","ping_status":"closed","template":"","meta":{"footnotes":""},"_links":{"self":[{"href":"https:\/\/laurence-otteny.com\/index.php\/wp-json\/wp\/v2\/pages\/601"}],"collection":[{"href":"https:\/\/laurence-otteny.com\/index.php\/wp-json\/wp\/v2\/pages"}],"about":[{"href":"https:\/\/laurence-otteny.com\/index.php\/wp-json\/wp\/v2\/types\/page"}],"author":[{"embeddable":true,"href":"https:\/\/laurence-otteny.com\/index.php\/wp-json\/wp\/v2\/users\/1"}],"replies":[{"embeddable":true,"href":"https:\/\/laurence-otteny.com\/index.php\/wp-json\/wp\/v2\/comments?post=601"}],"version-history":[{"count":4,"href":"https:\/\/laurence-otteny.com\/index.php\/wp-json\/wp\/v2\/pages\/601\/revisions"}],"predecessor-version":[{"id":647,"href":"https:\/\/laurence-otteny.com\/index.php\/wp-json\/wp\/v2\/pages\/601\/revisions\/647"}],"wp:featuredmedia":[{"embeddable":true,"href":"https:\/\/laurence-otteny.com\/index.php\/wp-json\/wp\/v2\/media\/465"}],"wp:attachment":[{"href":"https:\/\/laurence-otteny.com\/index.php\/wp-json\/wp\/v2\/media?parent=601"}],"curies":[{"name":"wp","href":"https:\/\/api.w.org\/{rel}","templated":true}]}}