{"id":491,"date":"2017-11-29T20:09:53","date_gmt":"2017-11-29T19:09:53","guid":{"rendered":"http:\/\/dev.laurence-otteny.com\/?page_id=491"},"modified":"2018-07-26T18:45:55","modified_gmt":"2018-07-26T16:45:55","slug":"me-myself-i","status":"publish","type":"page","link":"https:\/\/laurence-otteny.com\/","title":{"rendered":"Mon travail"},"content":{"rendered":"<p>Un d\u00e9but dans la mode qui m&#8217;a conduit vers le cin\u00e9ma, le th\u00e9\u00e2tre , l &#8216;op\u00e9ra et le th\u00e9\u00e2tre de rues.<\/p>\n<p><img loading=\"lazy\" decoding=\"async\" class=\"alignleft size-full wp-image-548\" src=\"http:\/\/dev.laurence-otteny.com\/wp-content\/uploads\/2017\/11\/cinema.jpg\" alt=\"\" width=\"800\" height=\"566\" srcset=\"https:\/\/laurence-otteny.com\/wp-content\/uploads\/2017\/11\/cinema.jpg 800w, https:\/\/laurence-otteny.com\/wp-content\/uploads\/2017\/11\/cinema-300x212.jpg 300w, https:\/\/laurence-otteny.com\/wp-content\/uploads\/2017\/11\/cinema-768x543.jpg 768w\" sizes=\"(max-width: 800px) 100vw, 800px\" \/><\/p>\n<p>Depuis de nombreuses ann\u00e9es, je collabore avec des metteurs. es en sc\u00e8ne pour faire voyager les spectateurs .trices vers un monde d\u2019 \u00e9motions. Je travaille sur la plastique des personnages\u00a0 en harmonie avec l &#8216;univers artistique\u00a0 des metteurs ou metteuses en sc\u00e8ne.<br \/>\nCette recherche est\u00a0 une des pierres de l &#8216;\u00e9difice th\u00e9\u00e2tral&#8230;<br \/>\nCouleurs ou noir et blanc, contemporains ou historiques, r\u00e9alistes ou\u00a0 oniriques, quelque soit le chemin pris, la justesse reste une priorit\u00e9.<\/p>\n<p>&nbsp;<\/p>\n","protected":false},"excerpt":{"rendered":"<p>Un d\u00e9but dans la mode qui m&#8217;a conduit vers le cin\u00e9ma, le th\u00e9\u00e2tre , l &#8216;op\u00e9ra et le th\u00e9\u00e2tre de rues. Depuis de nombreuses ann\u00e9es, je collabore avec des metteurs. es en sc\u00e8ne pour faire voyager les spectateurs .trices vers un monde d\u2019 \u00e9motions. Je &hellip; <a href=\"https:\/\/laurence-otteny.com\/\" class=\"more-link\"><span>Continue reading<span class=\"screen-reader-text\">Mon travail<\/span><\/span><\/a><\/p>\n","protected":false},"author":1,"featured_media":0,"parent":0,"menu_order":0,"comment_status":"closed","ping_status":"closed","template":"","meta":{"footnotes":""},"_links":{"self":[{"href":"https:\/\/laurence-otteny.com\/index.php\/wp-json\/wp\/v2\/pages\/491"}],"collection":[{"href":"https:\/\/laurence-otteny.com\/index.php\/wp-json\/wp\/v2\/pages"}],"about":[{"href":"https:\/\/laurence-otteny.com\/index.php\/wp-json\/wp\/v2\/types\/page"}],"author":[{"embeddable":true,"href":"https:\/\/laurence-otteny.com\/index.php\/wp-json\/wp\/v2\/users\/1"}],"replies":[{"embeddable":true,"href":"https:\/\/laurence-otteny.com\/index.php\/wp-json\/wp\/v2\/comments?post=491"}],"version-history":[{"count":7,"href":"https:\/\/laurence-otteny.com\/index.php\/wp-json\/wp\/v2\/pages\/491\/revisions"}],"predecessor-version":[{"id":621,"href":"https:\/\/laurence-otteny.com\/index.php\/wp-json\/wp\/v2\/pages\/491\/revisions\/621"}],"wp:attachment":[{"href":"https:\/\/laurence-otteny.com\/index.php\/wp-json\/wp\/v2\/media?parent=491"}],"curies":[{"name":"wp","href":"https:\/\/api.w.org\/{rel}","templated":true}]}}