{"id":457,"date":"2017-11-29T19:09:50","date_gmt":"2017-11-29T18:09:50","guid":{"rendered":"http:\/\/dev.laurence-otteny.com\/?page_id=457"},"modified":"2018-07-26T17:57:33","modified_gmt":"2018-07-26T15:57:33","slug":"curriculum-vitae","status":"publish","type":"page","link":"https:\/\/laurence-otteny.com\/index.php\/curriculum-vitae\/","title":{"rendered":"Curriculum Vitae"},"content":{"rendered":"<p style=\"text-align: center;\"><em><a href=\"http:\/\/dev.laurence-otteny.com\/wp-content\/uploads\/2017\/11\/cv-lo-derniere-version-oct-2106.pdf\">&gt;&gt; T\u00e9l\u00e9charger la version papier &lt;&lt;<\/a><\/em><\/p>\n<h2 id=\"films\">LONGS M\u00c9TRAGES<\/h2>\n<h3>Waiting for you<\/h3>\n<h5>R\u00e9alisateur : Charles Garrad<br \/>\nAvec Fanny Ardant, Colin Morgan Chef Op :David Raedeker<\/h5>\n<h3>Amsha long-m\u00e9trage documentaire<\/h3>\n<p>R\u00e9alisatreurs Keiko et Assoka Chef Op :Yann Deva<\/p>\n<h3>A long way from home<\/h3>\n<p>R\u00e9alisatrice : Virginia Gilbert Chef Op :Ed.Ruthford<br \/>\nAvec James Fox, Brenda Fricker, Nathalie Dorner, Paul Nicholls Chef Op\/D.P :Ed.Ruthford<\/p>\n<h3>Paradis perdu<\/h3>\n<p>R\u00e9alisatrice : Eve Deboise Chef Op : P.Auffret<br \/>\nAvec Pauline Etienne,Olivier Rabourdin,Florence Thomassin<\/p>\n<h3>Adieu Gary (grand prix festival de la semaine de la critique Cannes 2009)<\/h3>\n<p>R\u00e9alisateur : Nacime Amaouche Chef Op : S.Collardey<br \/>\nAvec Jean pierre Bacry, Dominique Reymond<\/p>\n<h3>Une affaire de famille<\/h3>\n<p>R\u00e9alisateur : Clauss Drexel Chef Op : A.Roch<br \/>\nAvec Miou-Miou, Andr\u00e9 Dusselier, Eric Caravaca<\/p>\n<h3>Deux vies plus une<\/h3>\n<p>R\u00e9alisateur : Idit Cebula Chef Op : S.massis<br \/>\nAvec Emmanuelle Devos, G\u00e9rard Darmon<\/p>\n<h3>J\u2019ai toujours r\u00eaver d\u2019\u00eatre un gangster<\/h3>\n<p>R\u00e9alisateur : Samuel Benchetrit Chef Op : P.Aim<br \/>\nAvec Anna Mougladis, Jean Rochefort, Laurent Terzief,<br \/>\nSergi Lopez,Arno, Alain Bashung<\/p>\n<p><iframe loading=\"lazy\" src=\"https:\/\/www.youtube.com\/embed\/8aFXSWcH7lk\" width=\"400\" height=\"250\" frameborder=\"0\" allowfullscreen=\"allowfullscreen\"><\/iframe><\/p>\n<p>&nbsp;<\/p>\n<h3>Le h\u00e9ros de la famille<\/h3>\n<p>R\u00e9alisateur : Thierry Kliffa Chef Op. : P.Aim<br \/>\nAvec Miou Miou, Gerard Lanvin, Catherine Deneuve,<br \/>\nEmmanuelle Beart, Claude Brasseur, Valerie Lemercier<\/p>\n<h3>Les murs porteurs<\/h3>\n<p>R\u00e9alisateur : cyril gelblat Chef Op: J.M.Fabre<br \/>\nAvec Miou Miou, giovanna Mezzogiorno, Shulamit Adar<br \/>\nCharles Berling, Dominique Reymond<\/p>\n<h3>Avril<\/h3>\n<p>R\u00e9alisateur : Gerald Hustache Mathieu Chef Op. : Aurelien Delvaux<br \/>\nMiou Miou, Sophie Quinton, Clement Sibony<\/p>\n<h3>Tout pour plaire<\/h3>\n<p>R\u00e9alisateur : Cecile telerman Chef Op. : M.Poirot Delpech<br \/>\nAvec Mathilde Seigner, Anne Parillaud, Judith Godreche,<br \/>\nPascal Elbe, Pierre Cassignard,Marc Citti,Mathias Mlekuz<\/p>\n<h3>Mariages!<\/h3>\n<p>R\u00e9alisateur : Valerie guignabodet Chef Op. : P.Aim<br \/>\nAvec Mathilde Seigner, MiouMiou, Lio, Chloe Lambert<br \/>\nJean Dujardin, Didier Bezace, Antoine Dulery<\/p>\n<h3>Eros therapy<\/h3>\n<p>R\u00e9alisateur : Danielle Dubroux Chef Op. : J.M.Fabre<br \/>\nAvec : Fran\u00e7ois Berl\u00e9and, Catherine Frot, Isabelle Carr\u00e9<br \/>\nClaire Nebout, Melvil Poupaud<\/p>\n<h3>Tempo<\/h3>\n<p>R\u00e9alisateur : Eric Styles\u00a0 Chef Op. : Robert Fraisse<br \/>\nAvec : M\u00e9lanie Griffith et Malcom Mac Dowell<\/p>\n<h3>Monique<\/h3>\n<p>Maquillage de Monique<br \/>\nR\u00e9alisateur : Val\u00e9rie Guignabodet Chef op. :<br \/>\nAvec Marianne D\u00e9nicourt, Albert Dupontel<\/p>\n<h3>Etats des Lieux<\/h3>\n<p>R\u00e9alisateur : Jean-Fran\u00e7ois Richer Chef Op. : Michel Abramovitch<br \/>\nAvec : Patrick Del\u2019Isola<\/p>\n<h3>Ticket D\u2019amour<\/h3>\n<p>R\u00e9alisateur : J.P Vuilin Chef Op: Guy Chanel<br \/>\nAvec Cecile Pallas<\/p>\n<h2 id=\"courts\">COURT M\u00c9TRAGES<\/h2>\n<h3>J&#8217;vous pr\u00e9viens c&#8217;est pas gai !<\/h3>\n<p>R\u00e9alisateur : Yacine Sersar Chef Op. : Yacine Sersar<br \/>\navec : Helene Bizot, Didier Merigou<\/p>\n<h3>La queue<\/h3>\n<p>R\u00e9alisateur : Yacine Sersar,\u00a0 Chef Op. : G\u00e9rard Thomas<br \/>\navec : Jean-Paul Rouvre<\/p>\n<h3>Chaque jour est une petite vie<\/h3>\n<p>R\u00e9alisateur : Albane Fioretti,\u00a0 Chef Op. : Forest Finbow<br \/>\navec : Theresse Roussel, Albane Fioretti, Abdelkader Bouallaga<\/p>\n<h3>Annie de francia<\/h3>\n<p>R\u00e9alisateur : Christophe Lemasne, Chef Op. : Jean Marc Bouzou<br \/>\navec Nanou Garcia<\/p>\n<h3>Faux D\u00e9part<\/h3>\n<p>R\u00e9alisateur : L. Boukhine, Chef Op. : V. LeGurun<\/p>\n<h3>D\u00e9lit de Fuite<\/h3>\n<p>R\u00e9alisateur: C. Findji, Chef Op. : J.\u00a0 Laforest<\/p>\n<h3>Tout doit dispara\u00eetre<\/h3>\n<p>R\u00e9alisateur :J.-M. Moutout, Chef Op. : V. LeGurun<\/p>\n<h3>Sommeil profond<\/h3>\n<p>R\u00e9alisateur: P. Lacan, Chef Op. : A. Kauffman<\/p>\n<h3>Narcisse &amp; Chatiment<\/h3>\n<p>R\u00e9alisateur : Catherine Sine, Chef Op. Pierre Befvre<br \/>\nAvec Arielle Dombasle<\/p>\n<h3>Insecurite<\/h3>\n<p>R\u00e9alisateur : Olivier Chatsky, Chef Op. : Dominique Gentil<\/p>\n<h3>Happy Birthday<\/h3>\n<p>R\u00e9alisateur : Lin Dao, Chef Op. : G\u00e9rard Simon<\/p>\n<h3>Sans rires<\/h3>\n<p>R\u00e9alisateur : Mathieu Almaric, Chef Op. : Jean Marc Fabre<br \/>\nAvec Ren\u00e9 Bollock, Pierre Vial<\/p>\n<h3>Message Personnel<\/h3>\n<p>R\u00e9alisateur : Jean Robineau, Chef Op. : Fran\u00e7oisPommard<\/p>\n<h3>Copie Conforme<\/h3>\n<p>R\u00e9alisateur : Jean Claude Marchand, Chef Op. : Ariane Damain<br \/>\nAvec Fran\u00e7ois Berleand, Xavier Beauvois<\/p>\n<h3>Blanc Lim\u00e9<\/h3>\n<p>R\u00e9alisateur: Gilles Porte, Chef Op. : Ariane Damain<\/p>\n<h3>Le Tailleur Autrichien<\/h3>\n<p>R\u00e9alisateur : P. I. Par\u00e9des, Chef Op. : J.-C. Larrieu<\/p>\n<h3>Le Vent du Nord<\/h3>\n<p>R\u00e9alisateur : S. Farsi, Chef Op. : R\u00e9gis Blondeau<\/p>\n<h3>Eaux Troubles<\/h3>\n<p>R\u00e9alisateur : A. Moreau, Chef Op. : O LeGurun<\/p>\n<h3>Gronde marmaille<\/h3>\n<p>R\u00e9alisateur : Cl\u00e9mentine Carri\u00e9, Chef Op. : Yann Maritaud<\/p>\n<h2 id=\"telefilms\">TELEFILM<\/h2>\n<h3>Le cerveau d&#8217;Hugo<\/h3>\n<p>R\u00e9alisateur : Sophie Revil Chef Op\/D.P : Laurent Machuel<\/p>\n<h3>Petite vacances \u00e0 knokke le zout<\/h3>\n<p>R\u00e9alisateur :Yves Matthey Chef Op\/D.P : Severine Barde<br \/>\nAvec Miou Miou, Jean Luc Bideau, Arno<\/p>\n<h3>The Stranger (US) prod : Chessler\/ HboTouch, Ceremony, cinema verite, my ward keeper, crash,<br \/>\ncostumes, one you love, leave, visit, going without, little bird<\/h3>\n<p>R\u00e9alisateur : W Wong et autres realisateurs Chef Op\/D.P : Robert Fraisse<\/p>\n<h3>The Game<\/h3>\n<p>R\u00e9alisateur : Daniel Vignes Chef Op\/D.P : Robert Fraisse<br \/>\nAvec Linda Fiorantino, James Remard<\/p>\n<h3>A new Life<\/h3>\n<p>R\u00e9alisateur : Aline Isserman Chef Op\/D.P : M Terran<br \/>\nAvec Ben Gazarra<\/p>\n<h3>Crash<\/h3>\n<p>R\u00e9alisateur : Arnaud Selignac Chef Op\/D.P : M Mandero<\/p>\n<h3>Operation Mozart<\/h3>\n<p>R\u00e9alisateur : Alain Nahum Chef Op\/D.P : G Simon<\/p>\n<h3>La Gym<\/h3>\n<p>R\u00e9alisateur : D Mossman Chef Op\/D.P : Etienne Szabo<\/p>\n<h3>Clowning around<\/h3>\n<p>Realisateur : W Whaley Chef Op\/D.P : M MC Grath<\/p>\n<h3>Les Forces obscures qui nous gouvernent<\/h3>\n<p>R\u00e9alisateur : O Doran Chef Op\/D.P : S Cadet<\/p>\n<h3>Paranoia<\/h3>\n<p>R\u00e9alisateur : P Poubel Chef Op\/D.P : E Soyer<\/p>\n<h2 id=\"pubs\">PUBLICITES<\/h2>\n<p>ADDIDAS world cup 02 \/NISSAN Real : Stephane Meunier Chef Op\/D.P : Warin \/O.Cocaul<br \/>\nHONDA\/HARRIBO Real : J.P.Couvelaire ChefOp\/D.P :Brenguier\/M.Abramovitch<br \/>\nCAMPAGNE SIDA Real : Tony Marshall Chef Op\/D.P : C Champotier<br \/>\nKERTEL Real : Martin Morell Chef Op\/D.P : Erwan Elies<br \/>\nANDROS\/ALWAYS Real : JeanMarie Perrier Chef Op\/D.P : N Brunet<br \/>\nLOTO Real : LamL\u00e9 Chef Op\/D.P : Thierry Arbogast<br \/>\nEDUCATION NATIONALE Real : Etienne Chatilliez Chef Op\/D.P : Pascal Marti<br \/>\nVAHINE Real : Jean Loup Hubert Chef Op\/D.P : Pascal Marti<br \/>\nCONTREX\/PANASONIC Real : Pascal Thomas Chef Op\/D.P : Pierre Lebegue<br \/>\nPOLICHINELLE Real : Pascal Thomas Chef Op\/D.P : Robert Poll\u00e8s<br \/>\nCANON Real : Pascal Thomas Chef Op\/D.P : Bernard Lutic<br \/>\nVaccin Antigrippe\/PAMPERS \/etc Real : Raymond Depardon Chef Op\/D.P: Jean Jacques Bouhon<br \/>\nBANJO\/IMPULSE\/NIVEA Real : J Falby Chef Op\/D.P : Gerard de Battista<br \/>\nJB MARTIN Real : J Falby Chef Op\/D.P : Bernard Lutic<br \/>\nM&amp;M\/JULIA GRAPPA Real : J Falby Chef Op\/D.P : M Cenet<br \/>\nAXION Real : J Doillon Chef Op\/D.P : W Lubchansky<br \/>\nPAMPA Real : W Klein Chef Op\/D.P : W Klein<br \/>\nPLAISIR A LA CARTE\/ARIEL Real : B Decharme Chef Op\/D.P : Jean Jacques Bouhon<br \/>\nMUTUELLE DU MANS\/LE TANNEUR\/ELF\/NESTLE\/GOOD YEAR Real : S Cheek Chef Op\/D.P : P Coulter<br \/>\nUAP retraite Real : Jean Achache Chef Op\/D.P : P Ridao<br \/>\nWARNER Real : Gerard Krazwick Chef Op\/D.P : Eduardo Serra<br \/>\nSc\u00e9nario pour un Virus Real : Jean Achache Chef Op\/D.P : Bruno de Keyser<br \/>\nSLIM FAST Real : Roger Vadim Chef Op\/D.P : Pierre William Glenn<br \/>\nHANES Real : Just Jeackin Chef Op\/D.P : Pierre William Glenn<br \/>\nLA POLO Real : W M Ranford Chef Op\/D.P : P Rabaud<br \/>\netc\u2026.<\/p>\n<h2 id=\"theatre\">THEATRE<\/h2>\n<h3>QUAND LE DIABLE S&#8217;EMMELE<\/h3>\n<p>Mise en sc\u00e8ne : D.Bezace<\/p>\n<h3>LA NUIT DES ROIS<\/h3>\n<p>Mise en sc\u00e8ne : Sebastien Lagord<\/p>\n<h3>MEDEE<\/h3>\n<p>Mise en sc\u00e8ne : Mathieu Lourdel<\/p>\n<h3>BEETHOVEN CE MANOUCHE<\/h3>\n<p>(Prix du meilleur spectacle musical d\u2019Avignon 2013)<\/p>\n<h3>ZADIG<\/h3>\n<p>Mise en sc\u00e8ne : Gwenhael de Gouvello<\/p>\n<h3>PIAZZOLLA TANGO URBANO<\/h3>\n<p>Mise en sc\u00e8ne : Gwenhael de Gouvello<\/p>\n<h3>COMMENT MONSIEUR MOCKINPOTT FUT LIBERE DE SES TOURMENTS<\/h3>\n<p>(Mention Sp\u00e9ciale pour la mise en sc\u00e8ne) Festival Avignon 2010)<br \/>\nMise en sc\u00e8ne : Gwenhael de Gouvello<\/p>\n<h3>LE TIMIDE AU PALAIS<\/h3>\n<p>Mise en sc\u00e8ne : Gwenhael de Gouvello<\/p>\n<h3>LA VERSION DE BROWNING<\/h3>\n<p>Mise en sc\u00e8ne : D.Bezace<br \/>\n(Moli\u00e8re de la meilleure mise en sc\u00e8ne 2005)<\/p>\n<h3>AVIS AUX INTERESSES<\/h3>\n<p>Mise en sc\u00e8ne : D.Bezace<\/p>\n<h3>LES BRECHT\/CHERE HELENA<\/h3>\n<p>Mise en sc\u00e8ne : D.Bezace<\/p>\n<h3>LES FEMMES ET LEURS AMOURS<\/h3>\n<p>Mise en sc\u00e8ne : E.Lorvoire<\/p>\n<h3>DANSEZ A LUGHNASA<\/h3>\n<p>Mise en sc\u00e8ne : Guy Freixe<\/p>\n<h3>LE PLAISIR<\/h3>\n<p>Mise en sc\u00e8ne : Eric Lorvoire<\/p>\n<h3><span class=\"st\">LE TRAIN PHQNTO:E ET SES <\/span>PETITES BOUTIQUES<\/h3>\n<p>Companie le PHUN<\/p>\n<h3>LA VIE DE GALILEE<\/h3>\n<p>Mise en sc\u00e8ne : J Lassalle<\/p>\n<h3>LES GUMES<\/h3>\n<p>Companie le PHUN \u00e0 la Villette<\/p>\n<h3>MARIE LA PASSANTE<\/h3>\n<p>Mise en sc\u00e8ne : Eric Lorvoire<\/p>\n<h3>LES PARAVENTS<\/h3>\n<p>Mise en sc\u00e8ne : Bernard Bloch<\/p>\n<h3>LES CYNIQUES<\/h3>\n<p>Mise en sc\u00e8ne : Jean Lacornerie<\/p>\n<h3>LES INDES GALANTES<\/h3>\n<p>Mise en sc\u00e8ne : A Arias<\/p>\n<h3>DIDON &amp; ENEE<\/h3>\n<p>Mise en sc\u00e8ne : M Maisonnat<\/p>\n<h3>MADAME KlEIN<\/h3>\n<p>Mise en sc\u00e8ne : B Jacques<\/p>\n<h3>ADAM &amp; EVE<\/h3>\n<p>Mise en sc\u00e8ne : C Tordjmann<\/p>\n<h3>LE MISANTHROPE<\/h3>\n<p>Mise en sc\u00e8ne : C Tordjmann<\/p>\n<h3>L\u2019HISTOIRE QU\u2019ON NE CONNAITRA JAMAIS<\/h3>\n<p>Mise en sc\u00e8ne : Daniel Mesguich<\/p>\n<h2 id=\"evenements\">EVENEMENTS<\/h2>\n<p>OSEZ LE SAVOIR \/ BRICOLER LE VIVANT \/ ON CHANGE DE T\u00caTE Cite des Sciences, Paris<br \/>\nLA NUIT DES MUSEES 2009 \/ Mis en sc\u00e8ne Gwenhael de Gouvello Maison DE Chateaubriand<br \/>\nCREATION des personnages de Doucette et Gariguette Festival d\u2019Aurillac 2010<\/p>\n<h2 id=\"photos\">PHOTOS DE MODE<\/h2>\n<p>L\u2019EGOISTE \/ COSMOPOLITAIN \/ BIBA \/ JARDIN DES MODES \/ FEMMES \/ FIGARO \/<br \/>\n20 ANS \/ CITY \/ etc.<\/p>\n<h2 id=\"defiles\">DEFILES<\/h2>\n<p>KARL LAGERFELD \/ NINO CERRUTI \/ LOUIS FERAUD \/ GUY LAROCHE \/ NINA RICCI \/ etc.<\/p>\n","protected":false},"excerpt":{"rendered":"<p>&gt;&gt; T\u00e9l\u00e9charger la version papier &lt;&lt; LONGS M\u00c9TRAGES Waiting for you R\u00e9alisateur : Charles Garrad Avec Fanny Ardant, Colin Morgan Chef Op :David Raedeker Amsha long-m\u00e9trage documentaire R\u00e9alisatreurs Keiko et Assoka Chef Op :Yann Deva A long way from home R\u00e9alisatrice : Virginia Gilbert Chef &hellip; <a href=\"https:\/\/laurence-otteny.com\/index.php\/curriculum-vitae\/\" class=\"more-link\"><span>Continue reading<span class=\"screen-reader-text\">Curriculum Vitae<\/span><\/span><\/a><\/p>\n","protected":false},"author":1,"featured_media":0,"parent":0,"menu_order":0,"comment_status":"closed","ping_status":"closed","template":"","meta":{"footnotes":""},"_links":{"self":[{"href":"https:\/\/laurence-otteny.com\/index.php\/wp-json\/wp\/v2\/pages\/457"}],"collection":[{"href":"https:\/\/laurence-otteny.com\/index.php\/wp-json\/wp\/v2\/pages"}],"about":[{"href":"https:\/\/laurence-otteny.com\/index.php\/wp-json\/wp\/v2\/types\/page"}],"author":[{"embeddable":true,"href":"https:\/\/laurence-otteny.com\/index.php\/wp-json\/wp\/v2\/users\/1"}],"replies":[{"embeddable":true,"href":"https:\/\/laurence-otteny.com\/index.php\/wp-json\/wp\/v2\/comments?post=457"}],"version-history":[{"count":31,"href":"https:\/\/laurence-otteny.com\/index.php\/wp-json\/wp\/v2\/pages\/457\/revisions"}],"predecessor-version":[{"id":597,"href":"https:\/\/laurence-otteny.com\/index.php\/wp-json\/wp\/v2\/pages\/457\/revisions\/597"}],"wp:attachment":[{"href":"https:\/\/laurence-otteny.com\/index.php\/wp-json\/wp\/v2\/media?parent=457"}],"curies":[{"name":"wp","href":"https:\/\/api.w.org\/{rel}","templated":true}]}}